{"id":783,"date":"2024-07-09T14:19:20","date_gmt":"2024-07-09T14:19:20","guid":{"rendered":"https:\/\/protexxa.com\/confirmation-de-loption-double-de-la-lettre-dinformation\/"},"modified":"2024-07-25T18:47:11","modified_gmt":"2024-07-25T18:47:11","slug":"confirmation-de-loption-double-de-la-lettre-dinformation","status":"publish","type":"page","link":"https:\/\/protexxa.com\/fr\/confirmation-de-loption-double-de-la-lettre-dinformation\/","title":{"rendered":"Newsletter Double Opt In Confirmation"},"content":{"rendered":"<h1 style=\"text-align: center;\">Thank you for subscribing to our newsletter!<\/h1>\n<p style=\"text-align: center;\">Please check your email to confirm your subscription. You won&rsquo;t start receiving our updates until you complete this step<\/p>\n<p style=\"text-align: center;\"><a href=\"https:\/\/protexxa.com\/wp-content\/uploads\/2024\/07\/thank-you-divider-1.svg\"><img loading=\"lazy\" decoding=\"async\" class=\"alignnone size-full wp-image-801\" role=\"img\" src=\"https:\/\/protexxa.com\/wp-content\/uploads\/2024\/07\/thank-you-divider-1.svg\" alt=\"\" width=\"362\" height=\"41\" \/><\/a><\/p>\n<h1 style=\"text-align: center;\">Merci pour votre abonnement \u00e0 notre bulletin!<\/h1>\n<p style=\"text-align: center;\">Veuillez confirmer votre abonnement \u00e0 l\u2019aide du courriel qui vous a \u00e9t\u00e9 envoy\u00e9 \u00e0 cette fin. Vous ne recevrez pas nos bulletins tant que vous n\u2019aurez pas termin\u00e9 cette \u00e9tape<\/p>\n","protected":false},"excerpt":{"rendered":"<p>Thank you for subscribing to our newsletter! Please check your email to confirm your subscription. You won&rsquo;t start receiving our updates until you complete this step Merci pour votre abonnement \u00e0 notre bulletin! Veuillez confirmer votre abonnement \u00e0 l\u2019aide du courriel qui vous a \u00e9t\u00e9 envoy\u00e9 \u00e0 cette fin. Vous ne recevrez pas nos bulletins [&hellip;]<\/p>\n","protected":false},"author":1,"featured_media":0,"parent":0,"menu_order":0,"comment_status":"closed","ping_status":"closed","template":"page-thank-you.php","meta":{"_acf_changed":false,"footnotes":""},"class_list":["post-783","page","type-page","status-publish","hentry"],"acf":[],"_links":{"self":[{"href":"https:\/\/protexxa.com\/fr\/wp-json\/wp\/v2\/pages\/783","targetHints":{"allow":["GET"]}}],"collection":[{"href":"https:\/\/protexxa.com\/fr\/wp-json\/wp\/v2\/pages"}],"about":[{"href":"https:\/\/protexxa.com\/fr\/wp-json\/wp\/v2\/types\/page"}],"author":[{"embeddable":true,"href":"https:\/\/protexxa.com\/fr\/wp-json\/wp\/v2\/users\/1"}],"replies":[{"embeddable":true,"href":"https:\/\/protexxa.com\/fr\/wp-json\/wp\/v2\/comments?post=783"}],"version-history":[{"count":0,"href":"https:\/\/protexxa.com\/fr\/wp-json\/wp\/v2\/pages\/783\/revisions"}],"wp:attachment":[{"href":"https:\/\/protexxa.com\/fr\/wp-json\/wp\/v2\/media?parent=783"}],"curies":[{"name":"wp","href":"https:\/\/api.w.org\/{rel}","templated":true}]}}