{"id":821,"date":"2024-07-21T18:57:35","date_gmt":"2024-07-21T18:57:35","guid":{"rendered":"https:\/\/protexxa.com\/a-propos-de\/"},"modified":"2024-07-29T17:07:29","modified_gmt":"2024-07-29T17:07:29","slug":"a-propos","status":"publish","type":"page","link":"https:\/\/protexxa.com\/fr\/a-propos\/","title":{"rendered":"\u00c0 propos"},"content":{"rendered":"<h1>\u00c0 propos de Protexxa<\/h1>\n<p>Une soci\u00e9t\u00e9 mondiale de services et de logiciels de cybers\u00e9curit\u00e9<\/p>\n<p><a href=\"https:\/\/protexxa.com\/fr\/contact\/\">Prendre contact<\/a><\/p>\n","protected":false},"excerpt":{"rendered":"<p>\u00c0 propos de Protexxa Une soci\u00e9t\u00e9 mondiale de services et de logiciels de cybers\u00e9curit\u00e9 Prendre contact<\/p>\n","protected":false},"author":1,"featured_media":0,"parent":0,"menu_order":0,"comment_status":"closed","ping_status":"closed","template":"page-about.php","meta":{"_acf_changed":false,"footnotes":""},"class_list":["post-821","page","type-page","status-publish","hentry"],"acf":[],"_links":{"self":[{"href":"https:\/\/protexxa.com\/fr\/wp-json\/wp\/v2\/pages\/821","targetHints":{"allow":["GET"]}}],"collection":[{"href":"https:\/\/protexxa.com\/fr\/wp-json\/wp\/v2\/pages"}],"about":[{"href":"https:\/\/protexxa.com\/fr\/wp-json\/wp\/v2\/types\/page"}],"author":[{"embeddable":true,"href":"https:\/\/protexxa.com\/fr\/wp-json\/wp\/v2\/users\/1"}],"replies":[{"embeddable":true,"href":"https:\/\/protexxa.com\/fr\/wp-json\/wp\/v2\/comments?post=821"}],"version-history":[{"count":0,"href":"https:\/\/protexxa.com\/fr\/wp-json\/wp\/v2\/pages\/821\/revisions"}],"wp:attachment":[{"href":"https:\/\/protexxa.com\/fr\/wp-json\/wp\/v2\/media?parent=821"}],"curies":[{"name":"wp","href":"https:\/\/api.w.org\/{rel}","templated":true}]}}